{"id":2,"date":"2021-07-16T14:00:29","date_gmt":"2021-07-16T12:00:29","guid":{"rendered":"http:\/\/rancesablage.fr\/?page_id=2"},"modified":"2023-03-28T15:01:53","modified_gmt":"2023-03-28T13:01:53","slug":"page-d-exemple","status":"publish","type":"page","link":"https:\/\/rancesablage.fr\/index.php\/page-d-exemple\/","title":{"rendered":"Voici quelques exemples de travaux"},"content":{"rendered":"\n<p><\/p>\n\n\n\n<p>\u201cLe Peintre ne doit pas faire ce qu&#8217;il voit, mais ce qui sera vu.\u201d<\/p>\n\n\n\n<p><\/p>\n\n\n\n<figure class=\"wp-block-gallery aligncenter has-nested-images columns-default is-cropped wp-block-gallery-1 is-layout-flex\">\n<figure class=\"wp-block-image size-large\"><img decoding=\"async\" loading=\"lazy\" width=\"600\" height=\"284\" data-id=\"57\"  src=\"http:\/\/rancesablage.fr\/wp-content\/uploads\/2021\/07\/20210610_075639.jpg\" alt=\"\" class=\"wp-image-57\" srcset=\"https:\/\/rancesablage.fr\/wp-content\/uploads\/2021\/07\/20210610_075639.jpg 600w, https:\/\/rancesablage.fr\/wp-content\/uploads\/2021\/07\/20210610_075639-300x142.jpg 300w\" sizes=\"(max-width: 600px) 100vw, 600px\" \/><\/figure>\n\n\n\n<figure class=\"wp-block-image size-large\"><img decoding=\"async\" loading=\"lazy\" width=\"600\" height=\"284\" data-id=\"85\"  src=\"http:\/\/rancesablage.fr\/wp-content\/uploads\/2021\/07\/20210610_093312.jpg\" alt=\"\" class=\"wp-image-85\" srcset=\"https:\/\/rancesablage.fr\/wp-content\/uploads\/2021\/07\/20210610_093312.jpg 600w, https:\/\/rancesablage.fr\/wp-content\/uploads\/2021\/07\/20210610_093312-300x142.jpg 300w\" sizes=\"(max-width: 600px) 100vw, 600px\" \/><\/figure>\n\n\n\n<figure class=\"wp-block-image size-large\"><img decoding=\"async\" loading=\"lazy\" width=\"600\" height=\"284\" data-id=\"58\"  src=\"http:\/\/rancesablage.fr\/wp-content\/uploads\/2021\/07\/20210610_111208.jpg\" alt=\"\" class=\"wp-image-58\" srcset=\"https:\/\/rancesablage.fr\/wp-content\/uploads\/2021\/07\/20210610_111208.jpg 600w, https:\/\/rancesablage.fr\/wp-content\/uploads\/2021\/07\/20210610_111208-300x142.jpg 300w\" sizes=\"(max-width: 600px) 100vw, 600px\" \/><\/figure>\n\n\n\n<figure class=\"wp-block-image size-large\"><img decoding=\"async\" loading=\"lazy\" width=\"600\" height=\"284\" data-id=\"61\"  src=\"http:\/\/rancesablage.fr\/wp-content\/uploads\/2021\/07\/20210608_150854.jpg\" alt=\"\" class=\"wp-image-61\" srcset=\"https:\/\/rancesablage.fr\/wp-content\/uploads\/2021\/07\/20210608_150854.jpg 600w, https:\/\/rancesablage.fr\/wp-content\/uploads\/2021\/07\/20210608_150854-300x142.jpg 300w\" sizes=\"(max-width: 600px) 100vw, 600px\" \/><\/figure>\n\n\n\n<figure class=\"wp-block-image size-large\"><img decoding=\"async\" loading=\"lazy\" width=\"600\" height=\"284\" data-id=\"62\"  src=\"http:\/\/rancesablage.fr\/wp-content\/uploads\/2021\/07\/20210630_175332.jpg\" alt=\"\" class=\"wp-image-62\" srcset=\"https:\/\/rancesablage.fr\/wp-content\/uploads\/2021\/07\/20210630_175332.jpg 600w, https:\/\/rancesablage.fr\/wp-content\/uploads\/2021\/07\/20210630_175332-300x142.jpg 300w\" sizes=\"(max-width: 600px) 100vw, 600px\" \/><\/figure>\n\n\n\n<figure class=\"wp-block-image size-large\"><img decoding=\"async\" loading=\"lazy\" width=\"600\" height=\"284\" data-id=\"64\"  src=\"http:\/\/rancesablage.fr\/wp-content\/uploads\/2021\/07\/20210616_164922.jpg\" alt=\"\" class=\"wp-image-64\" srcset=\"https:\/\/rancesablage.fr\/wp-content\/uploads\/2021\/07\/20210616_164922.jpg 600w, https:\/\/rancesablage.fr\/wp-content\/uploads\/2021\/07\/20210616_164922-300x142.jpg 300w\" sizes=\"(max-width: 600px) 100vw, 600px\" \/><\/figure>\n\n\n\n<figure class=\"wp-block-image size-large\"><img decoding=\"async\" loading=\"lazy\" width=\"600\" height=\"284\" data-id=\"83\"  src=\"http:\/\/rancesablage.fr\/wp-content\/uploads\/2021\/07\/20210623_172641-2.jpg\" alt=\"\" class=\"wp-image-83\" srcset=\"https:\/\/rancesablage.fr\/wp-content\/uploads\/2021\/07\/20210623_172641-2.jpg 600w, https:\/\/rancesablage.fr\/wp-content\/uploads\/2021\/07\/20210623_172641-2-300x142.jpg 300w\" sizes=\"(max-width: 600px) 100vw, 600px\" \/><\/figure>\n\n\n\n<figure class=\"wp-block-image size-large\"><img decoding=\"async\" loading=\"lazy\" width=\"600\" height=\"445\" data-id=\"80\"  src=\"http:\/\/rancesablage.fr\/wp-content\/uploads\/2021\/07\/logo-2.jpg\" alt=\"sablage thermolaquage bretagne\" class=\"wp-image-80\" srcset=\"https:\/\/rancesablage.fr\/wp-content\/uploads\/2021\/07\/logo-2.jpg 600w, https:\/\/rancesablage.fr\/wp-content\/uploads\/2021\/07\/logo-2-300x223.jpg 300w\" sizes=\"(max-width: 600px) 100vw, 600px\" \/><\/figure>\n\n\n\n<figure class=\"wp-block-image size-large\"><img decoding=\"async\" loading=\"lazy\" width=\"600\" height=\"284\" data-id=\"65\"  src=\"http:\/\/rancesablage.fr\/wp-content\/uploads\/2021\/07\/20210628_144355.jpg\" alt=\"\" class=\"wp-image-65\" srcset=\"https:\/\/rancesablage.fr\/wp-content\/uploads\/2021\/07\/20210628_144355.jpg 600w, https:\/\/rancesablage.fr\/wp-content\/uploads\/2021\/07\/20210628_144355-300x142.jpg 300w\" sizes=\"(max-width: 600px) 100vw, 600px\" \/><\/figure>\n\n\n\n<figure class=\"wp-block-image size-large\"><img decoding=\"async\" loading=\"lazy\" width=\"450\" height=\"600\" data-id=\"68\"  src=\"http:\/\/rancesablage.fr\/wp-content\/uploads\/2021\/07\/IMG_20210721_173203.jpg\" alt=\"\" class=\"wp-image-68\" srcset=\"https:\/\/rancesablage.fr\/wp-content\/uploads\/2021\/07\/IMG_20210721_173203.jpg 450w, https:\/\/rancesablage.fr\/wp-content\/uploads\/2021\/07\/IMG_20210721_173203-225x300.jpg 225w\" sizes=\"(max-width: 450px) 100vw, 450px\" \/><\/figure>\n\n\n\n<figure class=\"wp-block-image size-large\"><img decoding=\"async\" loading=\"lazy\" width=\"284\" height=\"600\" data-id=\"78\"  src=\"http:\/\/rancesablage.fr\/wp-content\/uploads\/2021\/07\/20210706_162838-1-rotated.jpg\" alt=\"\" class=\"wp-image-78\" srcset=\"https:\/\/rancesablage.fr\/wp-content\/uploads\/2021\/07\/20210706_162838-1-rotated.jpg 284w, https:\/\/rancesablage.fr\/wp-content\/uploads\/2021\/07\/20210706_162838-1-142x300.jpg 142w\" sizes=\"(max-width: 284px) 100vw, 284px\" \/><\/figure>\n\n\n\n<figure class=\"wp-block-image size-large\"><img decoding=\"async\" loading=\"lazy\" width=\"600\" height=\"284\" data-id=\"66\"  src=\"http:\/\/rancesablage.fr\/wp-content\/uploads\/2021\/07\/20210628_182437-4.jpg\" alt=\"\" class=\"wp-image-66\" srcset=\"https:\/\/rancesablage.fr\/wp-content\/uploads\/2021\/07\/20210628_182437-4.jpg 600w, https:\/\/rancesablage.fr\/wp-content\/uploads\/2021\/07\/20210628_182437-4-300x142.jpg 300w\" sizes=\"(max-width: 600px) 100vw, 600px\" \/><\/figure>\n\n\n\n<figure class=\"wp-block-image size-large\"><img decoding=\"async\" loading=\"lazy\" width=\"284\" height=\"385\" data-id=\"86\"  src=\"http:\/\/rancesablage.fr\/wp-content\/uploads\/2021\/07\/20210726_090223-2.jpg\" alt=\"\" class=\"wp-image-86\" srcset=\"https:\/\/rancesablage.fr\/wp-content\/uploads\/2021\/07\/20210726_090223-2.jpg 284w, https:\/\/rancesablage.fr\/wp-content\/uploads\/2021\/07\/20210726_090223-2-221x300.jpg 221w\" sizes=\"(max-width: 284px) 100vw, 284px\" \/><\/figure>\n\n\n\n<figure class=\"wp-block-image size-large\"><img decoding=\"async\" loading=\"lazy\" width=\"308\" height=\"230\" data-id=\"131\"  src=\"http:\/\/rancesablage.fr\/wp-content\/uploads\/2021\/08\/20210802_141819-2.jpg\" alt=\"\" class=\"wp-image-131\" srcset=\"https:\/\/rancesablage.fr\/wp-content\/uploads\/2021\/08\/20210802_141819-2.jpg 308w, https:\/\/rancesablage.fr\/wp-content\/uploads\/2021\/08\/20210802_141819-2-300x224.jpg 300w\" sizes=\"(max-width: 308px) 100vw, 308px\" \/><\/figure>\n\n\n\n<figure class=\"wp-block-image size-large\"><img decoding=\"async\" loading=\"lazy\" width=\"600\" height=\"284\" data-id=\"95\"  src=\"http:\/\/rancesablage.fr\/wp-content\/uploads\/2021\/07\/20210730_092756.jpg\" alt=\"\" class=\"wp-image-95\" srcset=\"https:\/\/rancesablage.fr\/wp-content\/uploads\/2021\/07\/20210730_092756.jpg 600w, https:\/\/rancesablage.fr\/wp-content\/uploads\/2021\/07\/20210730_092756-300x142.jpg 300w\" sizes=\"(max-width: 600px) 100vw, 600px\" \/><\/figure>\n\n\n\n<figure class=\"wp-block-image size-large\"><img decoding=\"async\" loading=\"lazy\" width=\"600\" height=\"284\" data-id=\"96\"  src=\"http:\/\/rancesablage.fr\/wp-content\/uploads\/2021\/07\/20210730_100240.jpg\" alt=\"\" class=\"wp-image-96\" srcset=\"https:\/\/rancesablage.fr\/wp-content\/uploads\/2021\/07\/20210730_100240.jpg 600w, https:\/\/rancesablage.fr\/wp-content\/uploads\/2021\/07\/20210730_100240-300x142.jpg 300w\" sizes=\"(max-width: 600px) 100vw, 600px\" \/><\/figure>\n\n\n\n<figure class=\"wp-block-image size-large\"><img decoding=\"async\" loading=\"lazy\" width=\"424\" height=\"600\" data-id=\"102\"  src=\"http:\/\/rancesablage.fr\/wp-content\/uploads\/2021\/07\/fond-de-bulles.jpg\" alt=\"\" class=\"wp-image-102\" srcset=\"https:\/\/rancesablage.fr\/wp-content\/uploads\/2021\/07\/fond-de-bulles.jpg 424w, https:\/\/rancesablage.fr\/wp-content\/uploads\/2021\/07\/fond-de-bulles-212x300.jpg 212w\" sizes=\"(max-width: 424px) 100vw, 424px\" \/><\/figure>\n\n\n\n<figure class=\"wp-block-image size-large\"><img decoding=\"async\" loading=\"lazy\" width=\"600\" height=\"284\" data-id=\"94\"  src=\"http:\/\/rancesablage.fr\/wp-content\/uploads\/2021\/07\/20210730_084824.jpg\" alt=\"\" class=\"wp-image-94\" srcset=\"https:\/\/rancesablage.fr\/wp-content\/uploads\/2021\/07\/20210730_084824.jpg 600w, https:\/\/rancesablage.fr\/wp-content\/uploads\/2021\/07\/20210730_084824-300x142.jpg 300w\" sizes=\"(max-width: 600px) 100vw, 600px\" \/><\/figure>\n\n\n\n<figure class=\"wp-block-image size-large\"><img decoding=\"async\" loading=\"lazy\" width=\"600\" height=\"167\" data-id=\"97\"  src=\"http:\/\/rancesablage.fr\/wp-content\/uploads\/2021\/07\/20210730_103722-e1627635066283.jpg\" alt=\"\" class=\"wp-image-97\" srcset=\"https:\/\/rancesablage.fr\/wp-content\/uploads\/2021\/07\/20210730_103722-e1627635066283.jpg 600w, https:\/\/rancesablage.fr\/wp-content\/uploads\/2021\/07\/20210730_103722-e1627635066283-300x84.jpg 300w\" sizes=\"(max-width: 600px) 100vw, 600px\" \/><\/figure>\n<\/figure>\n\n\n\n<p><\/p>\n","protected":false},"excerpt":{"rendered":"<p>\u201cLe Peintre ne doit pas faire ce qu&#8217;il voit, mais ce qui sera vu.\u201d<\/p>\n","protected":false},"author":1,"featured_media":0,"parent":0,"menu_order":0,"comment_status":"closed","ping_status":"open","template":"","meta":[],"yoast_head":"<!-- This site is optimized with the Yoast SEO plugin v21.8.1 - https:\/\/yoast.com\/wordpress\/plugins\/seo\/ -->\n<title>Voici quelques exemples de travaux - RANCE SABLAGE<\/title>\n<meta name=\"description\" content=\"Sablage Metallisation thermolaquage peinture metaux metal thermo laquage 22250 broons - bretagne\" \/>\n<meta name=\"robots\" content=\"index, follow, max-snippet:-1, max-image-preview:large, max-video-preview:-1, noarchive\" \/>\n<link rel=\"canonical\" href=\"https:\/\/rancesablage.fr\/index.php\/page-d-exemple\/\" \/>\n<meta property=\"og:locale\" content=\"en_US\" \/>\n<meta property=\"og:type\" content=\"article\" \/>\n<meta property=\"og:title\" content=\"Voici quelques exemples de travaux - RANCE SABLAGE\" \/>\n<meta property=\"og:description\" content=\"Sablage Metallisation thermolaquage peinture metaux metal thermo laquage 22250 broons - bretagne\" \/>\n<meta property=\"og:url\" content=\"https:\/\/rancesablage.fr\/index.php\/page-d-exemple\/\" \/>\n<meta property=\"og:site_name\" content=\"RANCE SABLAGE\" \/>\n<meta property=\"article:modified_time\" content=\"2023-03-28T13:01:53+00:00\" \/>\n<meta property=\"og:image\" content=\"http:\/\/rancesablage.fr\/wp-content\/uploads\/2021\/07\/20210610_075639.jpg\" \/>\n<meta name=\"twitter:card\" content=\"summary_large_image\" \/>\n<meta name=\"twitter:label1\" content=\"Est. reading time\" \/>\n\t<meta name=\"twitter:data1\" content=\"4 minutes\" \/>\n<script type=\"application\/ld+json\" class=\"yoast-schema-graph\">{\"@context\":\"https:\/\/schema.org\",\"@graph\":[{\"@type\":\"WebPage\",\"@id\":\"https:\/\/rancesablage.fr\/index.php\/page-d-exemple\/\",\"url\":\"https:\/\/rancesablage.fr\/index.php\/page-d-exemple\/\",\"name\":\"Voici quelques exemples de travaux - RANCE SABLAGE\",\"isPartOf\":{\"@id\":\"https:\/\/rancesablage.fr\/#website\"},\"datePublished\":\"2021-07-16T12:00:29+00:00\",\"dateModified\":\"2023-03-28T13:01:53+00:00\",\"description\":\"Sablage Metallisation thermolaquage peinture metaux metal thermo laquage 22250 broons - bretagne\",\"breadcrumb\":{\"@id\":\"https:\/\/rancesablage.fr\/index.php\/page-d-exemple\/#breadcrumb\"},\"inLanguage\":\"en-US\",\"potentialAction\":[{\"@type\":\"ReadAction\",\"target\":[\"https:\/\/rancesablage.fr\/index.php\/page-d-exemple\/\"]}]},{\"@type\":\"BreadcrumbList\",\"@id\":\"https:\/\/rancesablage.fr\/index.php\/page-d-exemple\/#breadcrumb\",\"itemListElement\":[{\"@type\":\"ListItem\",\"position\":1,\"name\":\"Accueil\",\"item\":\"https:\/\/rancesablage.fr\/\"},{\"@type\":\"ListItem\",\"position\":2,\"name\":\"Voici quelques exemples de travaux\"}]},{\"@type\":\"WebSite\",\"@id\":\"https:\/\/rancesablage.fr\/#website\",\"url\":\"https:\/\/rancesablage.fr\/\",\"name\":\"RANCE SABLAGE\",\"description\":\"Nous nous adaptons \u00e0 la sp\u00e9cificit\u00e9 de tous nos clients - travail unitaire et s\u00e9rie\",\"publisher\":{\"@id\":\"https:\/\/rancesablage.fr\/#organization\"},\"potentialAction\":[{\"@type\":\"SearchAction\",\"target\":{\"@type\":\"EntryPoint\",\"urlTemplate\":\"https:\/\/rancesablage.fr\/?s={search_term_string}\"},\"query-input\":\"required name=search_term_string\"}],\"inLanguage\":\"en-US\"},{\"@type\":\"Organization\",\"@id\":\"https:\/\/rancesablage.fr\/#organization\",\"name\":\"RANCE SABLAGE\",\"url\":\"https:\/\/rancesablage.fr\/\",\"logo\":{\"@type\":\"ImageObject\",\"inLanguage\":\"en-US\",\"@id\":\"https:\/\/rancesablage.fr\/#\/schema\/logo\/image\/\",\"url\":\"http:\/\/rancesablage.fr\/wp-content\/uploads\/2021\/07\/logo-5.jpg\",\"contentUrl\":\"http:\/\/rancesablage.fr\/wp-content\/uploads\/2021\/07\/logo-5.jpg\",\"width\":600,\"height\":445,\"caption\":\"RANCE SABLAGE\"},\"image\":{\"@id\":\"https:\/\/rancesablage.fr\/#\/schema\/logo\/image\/\"}}]}<\/script>\n<!-- \/ Yoast SEO plugin. -->","yoast_head_json":{"title":"Voici quelques exemples de travaux - RANCE SABLAGE","description":"Sablage Metallisation thermolaquage peinture metaux metal thermo laquage 22250 broons - bretagne","robots":{"index":"index","follow":"follow","max-snippet":"max-snippet:-1","max-image-preview":"max-image-preview:large","max-video-preview":"max-video-preview:-1","archive":"noarchive"},"canonical":"https:\/\/rancesablage.fr\/index.php\/page-d-exemple\/","og_locale":"en_US","og_type":"article","og_title":"Voici quelques exemples de travaux - RANCE SABLAGE","og_description":"Sablage Metallisation thermolaquage peinture metaux metal thermo laquage 22250 broons - bretagne","og_url":"https:\/\/rancesablage.fr\/index.php\/page-d-exemple\/","og_site_name":"RANCE SABLAGE","article_modified_time":"2023-03-28T13:01:53+00:00","og_image":[{"url":"http:\/\/rancesablage.fr\/wp-content\/uploads\/2021\/07\/20210610_075639.jpg"}],"twitter_card":"summary_large_image","twitter_misc":{"Est. reading time":"4 minutes"},"schema":{"@context":"https:\/\/schema.org","@graph":[{"@type":"WebPage","@id":"https:\/\/rancesablage.fr\/index.php\/page-d-exemple\/","url":"https:\/\/rancesablage.fr\/index.php\/page-d-exemple\/","name":"Voici quelques exemples de travaux - RANCE SABLAGE","isPartOf":{"@id":"https:\/\/rancesablage.fr\/#website"},"datePublished":"2021-07-16T12:00:29+00:00","dateModified":"2023-03-28T13:01:53+00:00","description":"Sablage Metallisation thermolaquage peinture metaux metal thermo laquage 22250 broons - bretagne","breadcrumb":{"@id":"https:\/\/rancesablage.fr\/index.php\/page-d-exemple\/#breadcrumb"},"inLanguage":"en-US","potentialAction":[{"@type":"ReadAction","target":["https:\/\/rancesablage.fr\/index.php\/page-d-exemple\/"]}]},{"@type":"BreadcrumbList","@id":"https:\/\/rancesablage.fr\/index.php\/page-d-exemple\/#breadcrumb","itemListElement":[{"@type":"ListItem","position":1,"name":"Accueil","item":"https:\/\/rancesablage.fr\/"},{"@type":"ListItem","position":2,"name":"Voici quelques exemples de travaux"}]},{"@type":"WebSite","@id":"https:\/\/rancesablage.fr\/#website","url":"https:\/\/rancesablage.fr\/","name":"RANCE SABLAGE","description":"Nous nous adaptons \u00e0 la sp\u00e9cificit\u00e9 de tous nos clients - travail unitaire et s\u00e9rie","publisher":{"@id":"https:\/\/rancesablage.fr\/#organization"},"potentialAction":[{"@type":"SearchAction","target":{"@type":"EntryPoint","urlTemplate":"https:\/\/rancesablage.fr\/?s={search_term_string}"},"query-input":"required name=search_term_string"}],"inLanguage":"en-US"},{"@type":"Organization","@id":"https:\/\/rancesablage.fr\/#organization","name":"RANCE SABLAGE","url":"https:\/\/rancesablage.fr\/","logo":{"@type":"ImageObject","inLanguage":"en-US","@id":"https:\/\/rancesablage.fr\/#\/schema\/logo\/image\/","url":"http:\/\/rancesablage.fr\/wp-content\/uploads\/2021\/07\/logo-5.jpg","contentUrl":"http:\/\/rancesablage.fr\/wp-content\/uploads\/2021\/07\/logo-5.jpg","width":600,"height":445,"caption":"RANCE SABLAGE"},"image":{"@id":"https:\/\/rancesablage.fr\/#\/schema\/logo\/image\/"}}]}},"_links":{"self":[{"href":"https:\/\/rancesablage.fr\/index.php\/wp-json\/wp\/v2\/pages\/2"}],"collection":[{"href":"https:\/\/rancesablage.fr\/index.php\/wp-json\/wp\/v2\/pages"}],"about":[{"href":"https:\/\/rancesablage.fr\/index.php\/wp-json\/wp\/v2\/types\/page"}],"author":[{"embeddable":true,"href":"https:\/\/rancesablage.fr\/index.php\/wp-json\/wp\/v2\/users\/1"}],"replies":[{"embeddable":true,"href":"https:\/\/rancesablage.fr\/index.php\/wp-json\/wp\/v2\/comments?post=2"}],"version-history":[{"count":15,"href":"https:\/\/rancesablage.fr\/index.php\/wp-json\/wp\/v2\/pages\/2\/revisions"}],"predecessor-version":[{"id":165,"href":"https:\/\/rancesablage.fr\/index.php\/wp-json\/wp\/v2\/pages\/2\/revisions\/165"}],"wp:attachment":[{"href":"https:\/\/rancesablage.fr\/index.php\/wp-json\/wp\/v2\/media?parent=2"}],"curies":[{"name":"wp","href":"https:\/\/api.w.org\/{rel}","templated":true}]}}